{"id":6768,"date":"2025-05-06T05:26:53","date_gmt":"2025-05-06T05:26:53","guid":{"rendered":"https:\/\/flix-iptv.tv\/?page_id=6768"},"modified":"2025-05-30T11:11:39","modified_gmt":"2025-05-30T11:11:39","slug":"terms-of-service","status":"publish","type":"page","link":"https:\/\/flix-iptv.tv\/de\/terms-of-service\/","title":{"rendered":"Nutzungsbedingungen"},"content":{"rendered":"<div data-elementor-type=\"wp-page\" data-elementor-id=\"6768\" class=\"elementor elementor-6768\" data-elementor-post-type=\"page\">\n\t\t\t\t\t\t<section data-particle_enable=\"false\" data-particle-mobile-disabled=\"false\" data-color=\"#ffffff, #00c3ff, #fe4c1c\" class=\"elementor-section elementor-top-section elementor-element elementor-element-69000cf7 elementor-section-height-min-height particles-js elementor-section-items-top elementor-section-boxed elementor-section-height-default\" data-id=\"69000cf7\" data-element_type=\"section\" data-e-type=\"section\" data-settings=\"{&quot;background_background&quot;:&quot;gradient&quot;,&quot;shape_divider_bottom&quot;:&quot;curve&quot;,&quot;shape_divider_bottom_negative&quot;:&quot;yes&quot;}\">\n\t\t\t\t\t\t\t<div class=\"elementor-background-overlay\"><\/div>\n\t\t\t\t\t\t<div class=\"elementor-shape elementor-shape-bottom\" aria-hidden=\"true\" data-negative=\"true\">\n\t\t\t<svg xmlns=\"http:\/\/www.w3.org\/2000\/svg\" viewbox=\"0 0 1000 100\" preserveaspectratio=\"none\">\n\t<path class=\"elementor-shape-fill\" d=\"M500,97C126.7,96.3,0.8,19.8,0,0v100l1000,0V1C1000,19.4,873.3,97.8,500,97z\"\/>\n<\/svg>\t\t<\/div>\n\t\t\t\t\t<div class=\"elementor-container elementor-column-gap-default\">\n\t\t\t\t\t<div class=\"elementor-column elementor-col-100 elementor-top-column elementor-element elementor-element-750d2e7d ot-flex-column-vertical\" data-id=\"750d2e7d\" data-element_type=\"column\" data-e-type=\"column\">\n\t\t\t<div class=\"elementor-widget-wrap elementor-element-populated\">\n\t\t\t\t\t\t\t<\/div>\n\t\t<\/div>\n\t\t\t\t\t<\/div>\n\t\t<\/section>\n\t\t\t\t<section data-particle_enable=\"false\" data-particle-mobile-disabled=\"false\" class=\"elementor-section elementor-top-section elementor-element elementor-element-7b52f8bb elementor-section-boxed elementor-section-height-default elementor-section-height-default\" data-id=\"7b52f8bb\" data-element_type=\"section\" data-e-type=\"section\" data-settings=\"{&quot;background_background&quot;:&quot;classic&quot;}\">\n\t\t\t\t\t\t<div class=\"elementor-container elementor-column-gap-default\">\n\t\t\t\t\t<div class=\"elementor-column elementor-col-100 elementor-top-column elementor-element elementor-element-7140f9cf ot-flex-column-vertical\" data-id=\"7140f9cf\" data-element_type=\"column\" data-e-type=\"column\">\n\t\t\t<div class=\"elementor-widget-wrap elementor-element-populated\">\n\t\t\t\t<div data-particle_enable=\"false\" data-particle-mobile-disabled=\"false\" class=\"elementor-element elementor-element-01d70e6 e-con-full e-flex e-con e-parent\" data-id=\"01d70e6\" data-element_type=\"container\" data-e-type=\"container\" data-settings=\"{&quot;background_background&quot;:&quot;classic&quot;}\">\n\t\t\t\t<div class=\"elementor-element elementor-element-16fecec elementor-widget elementor-widget-text-editor\" data-id=\"16fecec\" data-element_type=\"widget\" data-e-type=\"widget\" data-widget_type=\"text-editor.default\">\n\t\t\t\t\t\t\t\t\t<p>FLIX IPTV-Shop <strong>Hat <\/strong>bieten unter bestimmten Bedingungen R\u00fcckerstattungen f\u00fcr digitale Produkte\/Dienstleistungen an. Wir empfehlen Ihnen jedoch dringend, vor dem Kauf eine Testversion zu erwerben.<\/p><p>FLIX IPTV Store bietet R\u00fcckerstattungen <b>NUR <\/b>unter diesen Bedingungen:<\/p><p><strong>Bedingungen:<\/strong><\/p><ul><li>We will refund completely only purchase which has been done in less than 24 hours. After 24 hours no complete refund can be processed.<\/li><li>Alle anderen R\u00fcckerstattungsantr\u00e4ge werden teilweise entsprechend der verbrauchten Laufzeit des Abonnements zur\u00fcckerstattet, wenn es ein Problem von unserer Seite gab, das wir nicht innerhalb von 72 Stunden beheben konnten. Das FLIX IPTV-Supportteam wird die Nutzer in allen R\u00fcckerstattungsf\u00e4llen kontaktieren.<\/li><\/ul><div><p>Wir werden keine R\u00fcckerstattung oder Teilerstattung vornehmen, wenn:<\/p><ul><li>Der Kunde mochte die Senderauswahl nicht.<\/li><li>Der Kunde hat einen anderen Dienst gefunden.<\/li><li>Der Kunde weigert sich, die von uns angebotenen L\u00f6sungen anzuwenden, wenn er\/sie ein Problem hat.<\/li><\/ul><p><b>Wie lange dauert es, bis die Erstattung erfolgt?<\/b><b><br \/><\/b><\/p><\/div><ul><li>Wenn Sie mit Kreditkarte bezahlt haben, werden die Erstattungen in der Regel innerhalb von 20 bis 31 Arbeitstagen bearbeitet und das Geld auf die Debitkarte auf dem Bankkonto des Kunden zur\u00fcckgebucht.<\/li><li>Es gibt jedoch F\u00e4lle, in denen die Bearbeitung einer R\u00fcckerstattung bis zu 90 Tage dauern kann. Wir sind f\u00fcr diese Zeitspannen und Verz\u00f6gerungen nicht verantwortlich. Wir sind nicht der Zahlungsanbieter, wir sind nur der IPTV-Dienstanbieter.<\/li><li>Jede R\u00fcckerstattung dauert in der Regel 20 bis 90 Arbeitstage, und es liegt nicht in unserer Hand, diese Frist zu verk\u00fcrzen. Unsere Zahlungsabwickler k\u00fcmmern sich um die Erstattungsantr\u00e4ge. Wir werden unser Bestes tun, um die R\u00fcckerstattung sofort nach Erhalt der Anfrage und \u00dcberpr\u00fcfung der Benutzerinformationen vorzunehmen.<\/li><\/ul><p><strong>Wenn einige Kan\u00e4le einfrieren, puffern oder manchmal nicht funktionieren:<\/strong><\/p><p>Obwohl fast alle unsere Server stabil sind, frieren manchmal einige Kan\u00e4le ein oder funktionieren aus verschiedenen Gr\u00fcnden nicht, aber das ist nicht f\u00fcr immer. Unser Experte Ingenieure arbeiten immer daran, sie zu beheben.<\/p><p><strong>In den meisten F\u00e4llen sind diese Probleme vor\u00fcbergehend und haben folgende Ursachen:<\/strong><\/p><ul><li>Fluktuation der Kunden im Internet.<\/li><li>Probleme mit der Box\/Apps\/Kundeneinrichtung im Allgemeinen.<\/li><li>Ihr ISP hat ein Problem.<\/li><li>Der Kanal ist vom Server aus nicht erreichbar.<\/li><li>Der Kunde hat es sich anders \u00fcberlegt und wollte sich zur\u00fcckziehen bzw. zwischen den Servern wechseln.<\/li><li>Server-Update\/Neustart von unserer Seite (w\u00f6chentliche Durchf\u00fchrung erforderlich).<\/li><\/ul><p>Falls ein Nutzer\/Kunde sein IPTV-Abonnement f\u00fcr mehr als 72 Stunden aufgrund von Serverproblemen oder anderen Problemen, die durch uns oder unsere Seite verursacht wurden, nicht nutzen kann, erstatten wir den Paketpreis vollst\u00e4ndig zur\u00fcck oder f\u00fcgen die gesamte verlorene Zeit kostenlos zu Ihrem Abonnement hinzu.<\/p><p data-start=\"127\" data-end=\"144\"><strong data-start=\"127\" data-end=\"144\">Legal Notice:<\/strong><\/p><p data-start=\"127\" data-end=\"144\">We do not host or stream any videos on this website. All IPTV content, channels, and streams provided are publicly available online and are gathered from third-party sources.<\/p><p data-start=\"334\" data-end=\"512\">We are not responsible for the content, accuracy, or legality of external sources. The user assumes all responsibility for the use of any content accessed through this service.<\/p><p data-start=\"519\" data-end=\"640\">It is your responsibility to ensure that you comply with your local laws regarding IPTV services and content streaming.<\/p><p data-start=\"647\" data-end=\"763\">If you are a content owner and wish to have your content removed, please contact us and we will respond accordingly.<\/p><p><br \/><strong>Kontaktieren Sie uns:<\/strong>\u00a0Wenn Sie Fragen zu unserer R\u00fcckgabe- und Erstattungspolitik haben, wenden Sie sich bitte an\u00a0<a href=\"https:\/\/flix-iptv.tv\/de\/kontaktieren-sie-uns\/\">Kontaktieren Sie uns<\/a><\/p>\t\t\t\t\t\t\t\t<\/div>\n\t\t\t\t<\/div>\n\t\t\t\t\t<\/div>\n\t\t<\/div>\n\t\t\t\t\t<\/div>\n\t\t<\/section>\n\t\t\t\t<\/div>","protected":false},"excerpt":{"rendered":"<p>FLIX IPTV Store Does offer refunds on Digital Products\/Services under certain conditions. However, we highly recommend that you get a trial\u00a0 before you make a purchase. FLIX IPTV Store offer Refunds ONLY under these condtions : Conditions : We will refund completely only purchase which has been done in less than 24 hours. After 24 [&hellip;]<\/p>","protected":false},"author":1,"featured_media":0,"parent":0,"menu_order":0,"comment_status":"closed","ping_status":"closed","template":"","meta":{"_joinchat":[],"footnotes":""},"class_list":["post-6768","page","type-page","status-publish","hentry"],"_links":{"self":[{"href":"https:\/\/flix-iptv.tv\/de\/wp-json\/wp\/v2\/pages\/6768","targetHints":{"allow":["GET"]}}],"collection":[{"href":"https:\/\/flix-iptv.tv\/de\/wp-json\/wp\/v2\/pages"}],"about":[{"href":"https:\/\/flix-iptv.tv\/de\/wp-json\/wp\/v2\/types\/page"}],"author":[{"embeddable":true,"href":"https:\/\/flix-iptv.tv\/de\/wp-json\/wp\/v2\/users\/1"}],"replies":[{"embeddable":true,"href":"https:\/\/flix-iptv.tv\/de\/wp-json\/wp\/v2\/comments?post=6768"}],"version-history":[{"count":10,"href":"https:\/\/flix-iptv.tv\/de\/wp-json\/wp\/v2\/pages\/6768\/revisions"}],"predecessor-version":[{"id":7356,"href":"https:\/\/flix-iptv.tv\/de\/wp-json\/wp\/v2\/pages\/6768\/revisions\/7356"}],"wp:attachment":[{"href":"https:\/\/flix-iptv.tv\/de\/wp-json\/wp\/v2\/media?parent=6768"}],"curies":[{"name":"wp","href":"https:\/\/api.w.org\/{rel}","templated":true}]}}