{"id":6777,"date":"2025-05-06T05:37:14","date_gmt":"2025-05-06T05:37:14","guid":{"rendered":"https:\/\/flix-iptv.tv\/?page_id=6777"},"modified":"2025-08-14T09:49:01","modified_gmt":"2025-08-14T09:49:01","slug":"politique-de-confidentialite","status":"publish","type":"page","link":"https:\/\/flix-iptv.tv\/fr\/politique-de-confidentialite\/","title":{"rendered":"Politique"},"content":{"rendered":"<div data-elementor-type=\"wp-page\" data-elementor-id=\"6777\" class=\"elementor elementor-6777\" data-elementor-post-type=\"page\">\n\t\t\t\t\t\t<section data-particle_enable=\"false\" data-particle-mobile-disabled=\"false\" data-color=\"#ffffff, #00c3ff, #fe4c1c\" class=\"elementor-section elementor-top-section elementor-element elementor-element-69000cf7 elementor-section-height-min-height particles-js elementor-section-items-top elementor-section-boxed elementor-section-height-default\" data-id=\"69000cf7\" data-element_type=\"section\" data-e-type=\"section\" data-settings=\"{&quot;background_background&quot;:&quot;gradient&quot;,&quot;shape_divider_bottom&quot;:&quot;curve&quot;,&quot;shape_divider_bottom_negative&quot;:&quot;yes&quot;}\">\n\t\t\t\t\t\t\t<div class=\"elementor-background-overlay\"><\/div>\n\t\t\t\t\t\t<div class=\"elementor-shape elementor-shape-bottom\" aria-hidden=\"true\" data-negative=\"true\">\n\t\t\t<svg xmlns=\"http:\/\/www.w3.org\/2000\/svg\" viewbox=\"0 0 1000 100\" preserveaspectratio=\"none\">\n\t<path class=\"elementor-shape-fill\" d=\"M500,97C126.7,96.3,0.8,19.8,0,0v100l1000,0V1C1000,19.4,873.3,97.8,500,97z\"\/>\n<\/svg>\t\t<\/div>\n\t\t\t\t\t<div class=\"elementor-container elementor-column-gap-default\">\n\t\t\t\t\t<div class=\"elementor-column elementor-col-100 elementor-top-column elementor-element elementor-element-750d2e7d ot-flex-column-vertical\" data-id=\"750d2e7d\" data-element_type=\"column\" data-e-type=\"column\">\n\t\t\t<div class=\"elementor-widget-wrap elementor-element-populated\">\n\t\t\t\t\t\t\t<\/div>\n\t\t<\/div>\n\t\t\t\t\t<\/div>\n\t\t<\/section>\n\t\t\t\t<section data-particle_enable=\"false\" data-particle-mobile-disabled=\"false\" class=\"elementor-section elementor-top-section elementor-element elementor-element-7b52f8bb elementor-section-boxed elementor-section-height-default elementor-section-height-default\" data-id=\"7b52f8bb\" data-element_type=\"section\" data-e-type=\"section\" data-settings=\"{&quot;background_background&quot;:&quot;classic&quot;}\">\n\t\t\t\t\t\t<div class=\"elementor-container elementor-column-gap-default\">\n\t\t\t\t\t<div class=\"elementor-column elementor-col-100 elementor-top-column elementor-element elementor-element-7140f9cf ot-flex-column-vertical\" data-id=\"7140f9cf\" data-element_type=\"column\" data-e-type=\"column\">\n\t\t\t<div class=\"elementor-widget-wrap elementor-element-populated\">\n\t\t\t\t<div data-particle_enable=\"false\" data-particle-mobile-disabled=\"false\" class=\"elementor-element elementor-element-01d70e6 e-con-full e-flex e-con e-parent\" data-id=\"01d70e6\" data-element_type=\"container\" data-e-type=\"container\" data-settings=\"{&quot;background_background&quot;:&quot;classic&quot;}\">\n\t\t\t\t<div class=\"elementor-element elementor-element-16fecec elementor-widget elementor-widget-text-editor\" data-id=\"16fecec\" data-element_type=\"widget\" data-e-type=\"widget\" data-widget_type=\"text-editor.default\">\n\t\t\t\t\t\t\t\t\t<p class=\"\" data-start=\"267\" data-end=\"505\">Bienvenue \u00e0 <strong>Flix IPTV<\/strong> Nous accordons une grande importance \u00e0 votre vie priv\u00e9e et nous nous engageons \u00e0 prot\u00e9ger vos informations personnelles. La pr\u00e9sente politique de confidentialit\u00e9 explique comment nous recueillons, utilisons et prot\u00e9geons vos donn\u00e9es lorsque vous visitez notre site web et utilisez nos services.<\/p><hr class=\"\" data-start=\"507\" data-end=\"510\" \/><h3 class=\"\" data-start=\"512\" data-end=\"545\"><strong data-start=\"516\" data-end=\"545\">1. Les informations que nous collectons<\/strong><\/h3><p class=\"\" data-start=\"547\" data-end=\"588\">Nous pouvons recueillir les informations suivantes :<\/p><ul data-start=\"590\" data-end=\"842\"><li class=\"\" data-start=\"590\" data-end=\"691\"><p class=\"\" data-start=\"592\" data-end=\"691\"><strong data-start=\"592\" data-end=\"616\">Informations personnelles<\/strong>: Nom, adresse \u00e9lectronique, donn\u00e9es de paiement (via des processeurs tiers s\u00e9curis\u00e9s).<\/p><\/li><li class=\"\" data-start=\"692\" data-end=\"759\"><p class=\"\" data-start=\"694\" data-end=\"759\"><strong data-start=\"694\" data-end=\"712\">Donn\u00e9es techniques<\/strong>: IP address<\/p><\/li><li class=\"\" data-start=\"760\" data-end=\"842\"><p class=\"\" data-start=\"762\" data-end=\"842\"><strong data-start=\"762\" data-end=\"776\">Donn\u00e9es d'utilisation<\/strong>: Pages visit\u00e9es, temps pass\u00e9, clics et interactions sur notre site.<\/p><\/li><\/ul><hr class=\"\" data-start=\"844\" data-end=\"847\" \/><h3 class=\"\" data-start=\"849\" data-end=\"887\"><strong data-start=\"853\" data-end=\"887\">2. Comment nous utilisons vos informations<\/strong><\/h3><p class=\"\" data-start=\"889\" data-end=\"909\">Nous utilisons vos donn\u00e9es pour :<\/p><ul data-start=\"911\" data-end=\"1109\"><li class=\"\" data-start=\"911\" data-end=\"951\"><p class=\"\" data-start=\"913\" data-end=\"951\">Fournir et g\u00e9rer les abonnements.<\/p><\/li><li class=\"\" data-start=\"952\" data-end=\"1020\"><p class=\"\" data-start=\"954\" data-end=\"1020\">Envoyer des courriels relatifs au compte (par exemple, informations de connexion, factures, assistance).<\/p><\/li><li class=\"\" data-start=\"1021\" data-end=\"1064\"><p class=\"\" data-start=\"1023\" data-end=\"1064\">Am\u00e9liorer nos services et l'exp\u00e9rience du site.<\/p><\/li><li class=\"\" data-start=\"1065\" data-end=\"1109\"><p class=\"\" data-start=\"1067\" data-end=\"1109\">R\u00e9pondre aux demandes de renseignements et d'assistance.<\/p><\/li><\/ul><p class=\"\" data-start=\"1111\" data-end=\"1207\">Nous <strong data-start=\"1114\" data-end=\"1129\">ne pas vendre<\/strong> ou partager vos informations personnelles avec des tiers \u00e0 des fins de marketing.<\/p><hr class=\"\" data-start=\"1209\" data-end=\"1212\" \/><h3 class=\"\" data-start=\"1214\" data-end=\"1243\"><strong data-start=\"1218\" data-end=\"1243\">3. Traitement des paiements<\/strong><\/h3><p class=\"\" data-start=\"1245\" data-end=\"1420\">Tous les paiements sont trait\u00e9s en toute s\u00e9curit\u00e9 par des fournisseurs tiers de confiance (par exemple, PayPal, Stripe, Crypto services). Nous faisons <strong data-start=\"1362\" data-end=\"1404\">ne pas stocker d'informations relatives aux cartes de paiement<\/strong> sur nos serveurs.<\/p><hr class=\"\" data-start=\"1422\" data-end=\"1425\" \/><h3 class=\"\" data-start=\"1427\" data-end=\"1471\"><strong data-start=\"1431\" data-end=\"1471\">4. Cookies et technologies de suivi<\/strong><\/h3><p class=\"\" data-start=\"1473\" data-end=\"1491\">Nous utilisons des cookies pour :<\/p><ul data-start=\"1493\" data-end=\"1585\"><li class=\"\" data-start=\"1493\" data-end=\"1524\"><p class=\"\" data-start=\"1495\" data-end=\"1524\">Permettre la fonctionnalit\u00e9 du site web.<\/p><\/li><li class=\"\" data-start=\"1525\" data-end=\"1553\"><p class=\"\" data-start=\"1527\" data-end=\"1553\">Souvenez-vous de vos pr\u00e9f\u00e9rences.<\/p><\/li><li class=\"\" data-start=\"1554\" data-end=\"1585\"><p class=\"\" data-start=\"1556\" data-end=\"1585\">Suivre et analyser l'utilisation du site.<\/p><\/li><\/ul><p class=\"\" data-start=\"1587\" data-end=\"1664\">Vous pouvez \u00e0 tout moment contr\u00f4ler ou d\u00e9sactiver les cookies par le biais des param\u00e8tres de votre navigateur.<\/p><hr class=\"\" data-start=\"1666\" data-end=\"1669\" \/><h3 class=\"\" data-start=\"1671\" data-end=\"1696\"><strong data-start=\"1675\" data-end=\"1696\">5. Conservation des donn\u00e9es<\/strong><\/h3><p class=\"\" data-start=\"1698\" data-end=\"1799\">Nous ne conservons vos donn\u00e9es personnelles qu'aussi longtemps que n\u00e9cessaire \u00e0 des fins juridiques, commerciales et op\u00e9rationnelles.<\/p><hr class=\"\" data-start=\"1801\" data-end=\"1804\" \/><h3 class=\"\" data-start=\"1806\" data-end=\"1828\"><strong data-start=\"1810\" data-end=\"1828\">6. Vos droits<\/strong><\/h3><p class=\"\" data-start=\"1830\" data-end=\"1884\">Selon l'endroit o\u00f9 vous vous trouvez, vous pouvez avoir le droit de.. :<\/p><ul data-start=\"1886\" data-end=\"2008\"><li class=\"\" data-start=\"1886\" data-end=\"1922\"><p class=\"\" data-start=\"1888\" data-end=\"1922\">Acc\u00e9der aux donn\u00e9es que nous d\u00e9tenons sur vous.<\/p><\/li><li class=\"\" data-start=\"1923\" data-end=\"1956\"><p class=\"\" data-start=\"1925\" data-end=\"1956\">Demander une correction ou une suppression.<\/p><\/li><li class=\"\" data-start=\"1957\" data-end=\"2008\"><p class=\"\" data-start=\"1959\" data-end=\"2008\">Retirer le consentement \u00e0 l'utilisation des donn\u00e9es (le cas \u00e9ch\u00e9ant).<\/p><\/li><\/ul><p class=\"\" data-start=\"2010\" data-end=\"2076\">Pour faire une telle demande, veuillez nous contacter \u00e0 l'adresse [votre adresse \u00e9lectronique d'assistance].<\/p><hr class=\"\" data-start=\"2078\" data-end=\"2081\" \/><h3 class=\"\" data-start=\"2083\" data-end=\"2111\"><strong data-start=\"2087\" data-end=\"2111\">7. Liens avec des tiers<\/strong><\/h3><p class=\"\" data-start=\"2113\" data-end=\"2256\">Notre site peut contenir des liens vers des sites web ou des applications de tiers. Nous ne sommes pas responsables du contenu ou des pratiques de confidentialit\u00e9 de ces sites web.<\/p><hr class=\"\" data-start=\"2258\" data-end=\"2261\" \/><h3 class=\"\" data-start=\"2263\" data-end=\"2292\"><strong data-start=\"2267\" data-end=\"2292\">8. Vie priv\u00e9e des enfants<\/strong><\/h3><p class=\"\" data-start=\"2294\" data-end=\"2415\">Nos services sont <strong data-start=\"2311\" data-end=\"2357\">n'est pas destin\u00e9 aux utilisateurs de moins de 18 ans<\/strong>. Nous ne collectons pas sciemment de donn\u00e9es personnelles aupr\u00e8s d'enfants.<\/p><hr class=\"\" data-start=\"2417\" data-end=\"2420\" \/><h3 class=\"\" data-start=\"2422\" data-end=\"2455\"><strong data-start=\"2426\" data-end=\"2455\">9. Modifications de la pr\u00e9sente politique<\/strong><\/h3><p class=\"\" data-start=\"2457\" data-end=\"2580\">Nous pouvons mettre \u00e0 jour la pr\u00e9sente politique de confidentialit\u00e9 \u00e0 tout moment. Toute modification sera publi\u00e9e sur cette page avec une date de \"derni\u00e8re mise \u00e0 jour\".<\/p><hr class=\"\" data-start=\"2582\" data-end=\"2585\" \/><h3 class=\"\" data-start=\"2587\" data-end=\"2609\"><strong data-start=\"2591\" data-end=\"2609\">10. Nous contacter<\/strong><\/h3><p class=\"\" data-start=\"2611\" data-end=\"2696\">Si vous avez des questions ou des pr\u00e9occupations concernant cette politique de confidentialit\u00e9, n'h\u00e9sitez pas \u00e0 nous contacter :<\/p><p class=\"\" data-start=\"2698\" data-end=\"2756\">\ud83d\udce7 <strong data-start=\"2701\" data-end=\"2711\">Courriel :<\/strong> [support@flix-iptv.tv]<br data-start=\"2724\" data-end=\"2727\" \/>\ud83c\udf10 <strong data-start=\"2730\" data-end=\"2742\">Site web :<\/strong> flix-iptv.tv<\/p>\t\t\t\t\t\t\t\t<\/div>\n\t\t\t\t<\/div>\n\t\t\t\t\t<\/div>\n\t\t<\/div>\n\t\t\t\t\t<\/div>\n\t\t<\/section>\n\t\t\t\t<\/div>","protected":false},"excerpt":{"rendered":"<p>Welcome to Flix IPTV , We value your privacy and are committed to protecting your personal information. This Privacy Policy explains how we collect, use, and protect your data when you visit our website and use our services. 1. Information We Collect We may collect the following information: Personal Information: Name, email address, payment details [&hellip;]<\/p>","protected":false},"author":1,"featured_media":0,"parent":0,"menu_order":0,"comment_status":"closed","ping_status":"closed","template":"","meta":{"_joinchat":[],"footnotes":""},"class_list":["post-6777","page","type-page","status-publish","hentry"],"_links":{"self":[{"href":"https:\/\/flix-iptv.tv\/fr\/wp-json\/wp\/v2\/pages\/6777","targetHints":{"allow":["GET"]}}],"collection":[{"href":"https:\/\/flix-iptv.tv\/fr\/wp-json\/wp\/v2\/pages"}],"about":[{"href":"https:\/\/flix-iptv.tv\/fr\/wp-json\/wp\/v2\/types\/page"}],"author":[{"embeddable":true,"href":"https:\/\/flix-iptv.tv\/fr\/wp-json\/wp\/v2\/users\/1"}],"replies":[{"embeddable":true,"href":"https:\/\/flix-iptv.tv\/fr\/wp-json\/wp\/v2\/comments?post=6777"}],"version-history":[{"count":16,"href":"https:\/\/flix-iptv.tv\/fr\/wp-json\/wp\/v2\/pages\/6777\/revisions"}],"predecessor-version":[{"id":7857,"href":"https:\/\/flix-iptv.tv\/fr\/wp-json\/wp\/v2\/pages\/6777\/revisions\/7857"}],"wp:attachment":[{"href":"https:\/\/flix-iptv.tv\/fr\/wp-json\/wp\/v2\/media?parent=6777"}],"curies":[{"name":"wp","href":"https:\/\/api.w.org\/{rel}","templated":true}]}}