{"id":5996,"date":"2023-03-01T07:56:51","date_gmt":"2023-03-01T07:56:51","guid":{"rendered":"https:\/\/flix-iptv.tv\/?page_id=5996"},"modified":"2025-11-12T04:34:38","modified_gmt":"2025-11-12T04:34:38","slug":"plans","status":"publish","type":"page","link":"https:\/\/flix-iptv.tv\/pt\/plans\/","title":{"rendered":"Planos"},"content":{"rendered":"<div data-elementor-type=\"wp-page\" data-elementor-id=\"5996\" class=\"elementor elementor-5996\" data-elementor-post-type=\"page\">\n\t\t\t\t\t\t<section data-particle_enable=\"false\" data-particle-mobile-disabled=\"false\" data-color=\"#ffffff, #00c3ff, #fe4c1c\" class=\"elementor-section elementor-top-section elementor-element elementor-element-5ed3a885 elementor-section-height-min-height particles-js elementor-section-items-top elementor-section-boxed elementor-section-height-default\" data-id=\"5ed3a885\" data-element_type=\"section\" data-e-type=\"section\" data-settings=\"{&quot;background_background&quot;:&quot;gradient&quot;,&quot;shape_divider_bottom&quot;:&quot;curve&quot;,&quot;shape_divider_bottom_negative&quot;:&quot;yes&quot;}\">\n\t\t\t\t\t\t\t<div class=\"elementor-background-overlay\"><\/div>\n\t\t\t\t\t\t<div class=\"elementor-shape elementor-shape-bottom\" aria-hidden=\"true\" data-negative=\"true\">\n\t\t\t<svg xmlns=\"http:\/\/www.w3.org\/2000\/svg\" viewbox=\"0 0 1000 100\" preserveaspectratio=\"none\">\n\t<path class=\"elementor-shape-fill\" d=\"M500,97C126.7,96.3,0.8,19.8,0,0v100l1000,0V1C1000,19.4,873.3,97.8,500,97z\"\/>\n<\/svg>\t\t<\/div>\n\t\t\t\t\t<div class=\"elementor-container elementor-column-gap-default\">\n\t\t\t\t\t<div class=\"elementor-column elementor-col-100 elementor-top-column elementor-element elementor-element-6ae1a4e5 ot-flex-column-vertical\" data-id=\"6ae1a4e5\" data-element_type=\"column\" data-e-type=\"column\">\n\t\t\t<div class=\"elementor-widget-wrap elementor-element-populated\">\n\t\t\t\t\t\t\t<\/div>\n\t\t<\/div>\n\t\t\t\t\t<\/div>\n\t\t<\/section>\n\t\t\t\t<section data-particle_enable=\"false\" data-particle-mobile-disabled=\"false\" class=\"elementor-section elementor-top-section elementor-element elementor-element-49fbd22 elementor-section-height-min-height elementor-section-boxed elementor-section-height-default elementor-section-items-middle\" data-id=\"49fbd22\" data-element_type=\"section\" data-e-type=\"section\" data-settings=\"{&quot;background_background&quot;:&quot;classic&quot;}\">\n\t\t\t\t\t\t<div class=\"elementor-container elementor-column-gap-extended\">\n\t\t\t\t\t<div class=\"elementor-column elementor-col-100 elementor-top-column elementor-element elementor-element-dd19af8 ot-flex-column-vertical\" data-id=\"dd19af8\" data-element_type=\"column\" data-e-type=\"column\">\n\t\t\t<div class=\"elementor-widget-wrap elementor-element-populated\">\n\t\t\t\t<div data-particle_enable=\"false\" data-particle-mobile-disabled=\"false\" class=\"elementor-element elementor-element-515b0ef e-con-full e-flex e-con e-parent\" data-id=\"515b0ef\" data-element_type=\"container\" data-e-type=\"container\">\n\t\t<div data-particle_enable=\"false\" data-particle-mobile-disabled=\"false\" class=\"elementor-element elementor-element-7a10ad1 e-con-full e-flex e-con e-child\" data-id=\"7a10ad1\" data-element_type=\"container\" data-e-type=\"container\">\n\t\t\t\t<div class=\"elementor-element elementor-element-36d3483 elementor-widget-laptop__width-initial elementor-widget__width-initial onum-gift elementor-widget elementor-widget-ipricingtable\" data-id=\"36d3483\" data-element_type=\"widget\" data-e-type=\"widget\" data-widget_type=\"ipricingtable.default\">\n\t\t\t\t<div class=\"elementor-widget-container\">\n\t\t\t\t\t\r\n\t\t<div class=\"ot-pricing-table bg-shape aqua\">\r\n\t\t\t<span class=\"title-table\">2 YEARS<\/span>\r\n\t\t\t<div class=\"inner-table\">\r\n\t\t\t\t<img decoding=\"async\" src=\"https:\/\/flix-iptv.tv\/wp-content\/uploads\/2025\/07\/Gold-Pack-1.png\" alt=\"2 YEARS\">\r\n\t\t\t\t<h2><sup>\u20ac<\/sup> 110\n<p>\u20ac240<\/p>\n<\/h2>\r\n\t\t\t\t<p>Ultimate Value<\/p>\r\n\t\t\t\t<div class=\"details\"><ul style=\"list-style: none; padding-left: 0; margin:-11; font-size: 1em;\">\n  <li style=\"display: flex; align-items: center; margin-bottom: 6px; white-space: nowrap;\">\n   <b>+20 000 Channels<\/b>\n  <\/li>\n  <li style=\"display: flex; align-items: center; margin-bottom: 2px; white-space: nowrap;\">\n    <b>+50 000 VOD & SERIES<\/b>\n  <\/li>\n  <li style=\"display: flex; align-items: center; margin-bottom: 6px; white-space: nowrap;\">\n    <b>TV ao vivo 24h<\/b>\n  <\/li>\n  <li style=\"display: flex; align-items: center; margin-bottom: 6px; white-space: nowrap;\">\n    <b>Qualidade HD-FHD-UHD<\/b>\n  <\/li>\n  <li style=\"display: flex; align-items: center; margin-bottom: 6px; white-space: nowrap;\">\n    <b>Canais de PPV<\/b>\n  <\/li>\n  <li style=\"display: flex; align-items: center; margin-bottom: 6px; white-space: nowrap;\">\n    <b>Estabilidade do servidor 99%<\/b>\n  <\/li>\n  <li style=\"display: flex; align-items: center; margin-bottom: 6px; white-space: nowrap;\">\n    <b>Ativa\u00e7\u00e3o instant\u00e2nea!<\/b>\n  <\/li>\n  <li style=\"display: flex; align-items: center; margin-bottom: 6px; white-space: nowrap;\">\n    <b>Anti-Freeze<\/b>\n  <\/li>\n  <li style=\"display: flex; align-items: center; margin-bottom: 6px; white-space: nowrap;\">\n    <b>Todos os dispositivos<\/b>\n  <\/li>\n  <li style=\"display: flex; align-items: center; margin-bottom: px; white-space: nowrap;\">\n    <b>EPG<\/b>\n  <\/li>\n<\/ul><\/div>\r\n\t\t\t<\/div>\r\n\t\t\t<div class=\"ot-pricing-btn\">\r\n\t\t\t\t<a href=\"https:\/\/flix-iptv.tv\/pt\/step\/gold\/\" class=\"octf-btn octf-btn-icon octf-btn-aqua\">Selecionar plano <i class=\"flaticon-right-arrow-1\"><\/i><\/a>\r\n\t\t\t<\/div>\r\n\t\t<\/div>\r\n\r\n\t    \t\t\t\t<\/div>\n\t\t\t\t<\/div>\n\t\t\t\t<\/div>\n\t\t<div data-particle_enable=\"false\" data-particle-mobile-disabled=\"false\" class=\"elementor-element elementor-element-3c5bbae e-con-full e-flex e-con e-child\" data-id=\"3c5bbae\" data-element_type=\"container\" data-e-type=\"container\">\n\t\t\t\t<div class=\"elementor-element elementor-element-a2c5e35 elementor-widget-laptop__width-initial onum-gift2 elementor-widget elementor-widget-ipricingtable\" data-id=\"a2c5e35\" data-element_type=\"widget\" data-e-type=\"widget\" data-widget_type=\"ipricingtable.default\">\n\t\t\t\t<div class=\"elementor-widget-container\">\n\t\t\t\t\t\r\n\t\t<div class=\"ot-pricing-table bg-shape s3\">\r\n\t\t\t<span class=\"title-table\">1 ano<\/span>\r\n\t\t\t<div class=\"inner-table\">\r\n\t\t\t\t<img decoding=\"async\" src=\"https:\/\/flix-iptv.tv\/wp-content\/uploads\/2023\/02\/plat-pack-vf.png\" alt=\"1 ano\">\r\n\t\t\t\t<h2><p><\/p>\n<p><\/p><p><\/p><span style=\"color: #ff6f61;\"><sup>\u20ac<\/sup> 68<\/span>\n<p>\u20ac120<\/p><\/h2>\r\n\t\t\t\t<p>Melhor valor<\/p>\r\n\t\t\t\t<div class=\"details\"><ul style=\"list-style: none; padding-left: 0; margin:-11; font-size: 1em;\">\n  <li style=\"display: flex; align-items: center; margin-bottom: 6px; white-space: nowrap;\">\n   <b>+20 000 Channels<\/b>\n  <\/li>\n  <li style=\"display: flex; align-items: center; margin-bottom: 2px; white-space: nowrap;\">\n    <b>+50 000 VOD & SERIES<\/b>\n  <\/li>\n  <li style=\"display: flex; align-items: center; margin-bottom: 6px; white-space: nowrap;\">\n    <b>TV ao vivo 24h<\/b>\n  <\/li>\n  <li style=\"display: flex; align-items: center; margin-bottom: 6px; white-space: nowrap;\">\n    <b>Qualidade HD-FHD-UHD<\/b>\n  <\/li>\n  <li style=\"display: flex; align-items: center; margin-bottom: 6px; white-space: nowrap;\">\n    <b>Canais de PPV<\/b>\n  <\/li>\n  <li style=\"display: flex; align-items: center; margin-bottom: 6px; white-space: nowrap;\">\n    <b>Estabilidade do servidor 99%<\/b>\n  <\/li>\n  <li style=\"display: flex; align-items: center; margin-bottom: 6px; white-space: nowrap;\">\n    <b>Ativa\u00e7\u00e3o instant\u00e2nea!<\/b>\n  <\/li>\n  <li style=\"display: flex; align-items: center; margin-bottom: 6px; white-space: nowrap;\">\n    <b>Anti-Freeze<\/b>\n  <\/li>\n  <li style=\"display: flex; align-items: center; margin-bottom: 6px; white-space: nowrap;\">\n    <b>Todos os dispositivos<\/b>\n  <\/li>\n  <li style=\"display: flex; align-items: center; margin-bottom: px; white-space: nowrap;\">\n    <b>EPG<\/b>\n  <\/li>\n<\/ul><\/div>\r\n\t\t\t<\/div>\r\n\t\t\t<div class=\"ot-pricing-btn\">\r\n\t\t\t\t<a href=\"https:\/\/flix-iptv.tv\/pt\/step\/platinum\/\" class=\"octf-btn octf-btn-icon octf-btn-primary\">Selecionar plano <i class=\"flaticon-right-arrow-1\"><\/i><\/a>\r\n\t\t\t<\/div>\r\n\t\t<\/div>\r\n\r\n\t    \t\t\t\t<\/div>\n\t\t\t\t<\/div>\n\t\t\t\t<\/div>\n\t\t<div data-particle_enable=\"false\" data-particle-mobile-disabled=\"false\" class=\"elementor-element elementor-element-b75a325 e-con-full e-flex e-con e-child\" data-id=\"b75a325\" data-element_type=\"container\" data-e-type=\"container\">\n\t\t\t\t<div class=\"elementor-element elementor-element-c72715a elementor-widget-laptop__width-initial elementor-widget elementor-widget-ipricingtable\" data-id=\"c72715a\" data-element_type=\"widget\" data-e-type=\"widget\" data-widget_type=\"ipricingtable.default\">\n\t\t\t\t<div class=\"elementor-widget-container\">\n\t\t\t\t\t\r\n\t\t<div class=\"ot-pricing-table bg-shape purple\">\r\n\t\t\t<span class=\"title-table\">6 MESES<\/span>\r\n\t\t\t<div class=\"inner-table\">\r\n\t\t\t\t<img decoding=\"async\" src=\"https:\/\/flix-iptv.tv\/wp-content\/uploads\/2023\/02\/Exp-pack-vf.png\" alt=\"6 MESES\">\r\n\t\t\t\t<h2><span style=\"color: #6c757d;\"><sup>\u20ac<\/sup> 44<\/span>\n<p>\u20ac80<\/p><\/h2>\r\n\t\t\t\t<p>6 meses<\/p>\r\n\t\t\t\t<div class=\"details\"><ul style=\"list-style: none; padding-left: 0; margin:-11; font-size: 1em;\">\n  <li style=\"display: flex; align-items: center; margin-bottom: 6px; white-space: nowrap;\">\n   <b>+20 000 Channels<\/b>\n  <\/li>\n  <li style=\"display: flex; align-items: center; margin-bottom: 2px; white-space: nowrap;\">\n    <b>+50 000 VOD & SERIES<\/b>\n  <\/li>\n  <li style=\"display: flex; align-items: center; margin-bottom: 6px; white-space: nowrap;\">\n    <b>TV ao vivo 24h<\/b>\n  <\/li>\n  <li style=\"display: flex; align-items: center; margin-bottom: 6px; white-space: nowrap;\">\n    <b>Qualidade HD-FHD-UHD<\/b>\n  <\/li>\n  <li style=\"display: flex; align-items: center; margin-bottom: 6px; white-space: nowrap;\">\n    <b>Canais de PPV<\/b>\n  <\/li>\n  <li style=\"display: flex; align-items: center; margin-bottom: 6px; white-space: nowrap;\">\n    <b>Estabilidade do servidor 99%<\/b>\n  <\/li>\n  <li style=\"display: flex; align-items: center; margin-bottom: 6px; white-space: nowrap;\">\n    <b>Ativa\u00e7\u00e3o instant\u00e2nea!<\/b>\n  <\/li>\n  <li style=\"display: flex; align-items: center; margin-bottom: 6px; white-space: nowrap;\">\n    <b>Anti-Freeze<\/b>\n  <\/li>\n  <li style=\"display: flex; align-items: center; margin-bottom: 6px; white-space: nowrap;\">\n    <b>Todos os dispositivos<\/b>\n  <\/li>\n  <li style=\"display: flex; align-items: center; margin-bottom: px; white-space: nowrap;\">\n    <b>EPG<\/b>\n  <\/li>\n<\/ul><\/div>\r\n\t\t\t<\/div>\r\n\t\t\t<div class=\"ot-pricing-btn\">\r\n\t\t\t\t<a href=\"https:\/\/flix-iptv.tv\/pt\/step\/express\/\" class=\"octf-btn octf-btn-icon octf-btn-purple\">Selecionar plano <i class=\"flaticon-right-arrow-1\"><\/i><\/a>\r\n\t\t\t<\/div>\r\n\t\t<\/div>\r\n\r\n\t    \t\t\t\t<\/div>\n\t\t\t\t<\/div>\n\t\t\t\t<\/div>\n\t\t<div data-particle_enable=\"false\" data-particle-mobile-disabled=\"false\" class=\"elementor-element elementor-element-81e869e e-con-full e-flex e-con e-child\" data-id=\"81e869e\" data-element_type=\"container\" data-e-type=\"container\">\n\t\t\t\t<div class=\"elementor-element elementor-element-46812a0 elementor-widget-laptop__width-initial elementor-widget elementor-widget-ipricingtable\" data-id=\"46812a0\" data-element_type=\"widget\" data-e-type=\"widget\" data-widget_type=\"ipricingtable.default\">\n\t\t\t\t<div class=\"elementor-widget-container\">\n\t\t\t\t\t\r\n\t\t<div class=\"ot-pricing-table bg-shape pink\">\r\n\t\t\t<span class=\"title-table\">3 MESES<\/span>\r\n\t\t\t<div class=\"inner-table\">\r\n\t\t\t\t<img decoding=\"async\" src=\"https:\/\/flix-iptv.tv\/wp-content\/uploads\/2023\/02\/Eco-pack-vf.png\" alt=\"3 MESES\">\r\n\t\t\t\t<h2><span style=\"color: #888;\"><sup>\u20ac<\/sup> 29<\/span>\n<p>\u20ac47<\/p><\/h2>\r\n\t\t\t\t<p>3 meses<\/p>\r\n\t\t\t\t<div class=\"details\"><ul style=\"list-style: none; padding-left: 0; margin:-11; font-size: 1em;\">\n  <li style=\"display: flex; align-items: center; margin-bottom: 6px; white-space: nowrap;\">\n   <b>+20 000 Channels<\/b>\n  <\/li>\n  <li style=\"display: flex; align-items: center; margin-bottom: 2px; white-space: nowrap;\">\n    <b>+50 000 VOD & SERIES<\/b>\n  <\/li>\n  <li style=\"display: flex; align-items: center; margin-bottom: 6px; white-space: nowrap;\">\n    <b>TV ao vivo 24h<\/b>\n  <\/li>\n  <li style=\"display: flex; align-items: center; margin-bottom: 6px; white-space: nowrap;\">\n    <b>Qualidade HD-FHD-UHD<\/b>\n  <\/li>\n  <li style=\"display: flex; align-items: center; margin-bottom: 6px; white-space: nowrap;\">\n    <b>Canais de PPV<\/b>\n  <\/li>\n  <li style=\"display: flex; align-items: center; margin-bottom: 6px; white-space: nowrap;\">\n    <b>Estabilidade do servidor 99%<\/b>\n  <\/li>\n  <li style=\"display: flex; align-items: center; margin-bottom: 6px; white-space: nowrap;\">\n    <b>Ativa\u00e7\u00e3o instant\u00e2nea!<\/b>\n  <\/li>\n  <li style=\"display: flex; align-items: center; margin-bottom: 6px; white-space: nowrap;\">\n    <b>Anti-Freeze<\/b>\n  <\/li>\n  <li style=\"display: flex; align-items: center; margin-bottom: 6px; white-space: nowrap;\">\n    <b>Todos os dispositivos<\/b>\n  <\/li>\n  <li style=\"display: flex; align-items: center; margin-bottom: px; white-space: nowrap;\">\n    <b>EPG<\/b>\n  <\/li>\n<\/ul><\/div>\r\n\t\t\t<\/div>\r\n\t\t\t<div class=\"ot-pricing-btn\">\r\n\t\t\t\t<a href=\"https:\/\/flix-iptv.tv\/pt\/step\/economic\/\" class=\"octf-btn octf-btn-icon octf-btn-pink\">Selecionar plano <i class=\"flaticon-right-arrow-1\"><\/i><\/a>\r\n\t\t\t<\/div>\r\n\t\t<\/div>\r\n\r\n\t    \t\t\t\t<\/div>\n\t\t\t\t<\/div>\n\t\t\t\t<\/div>\n\t\t<div data-particle_enable=\"false\" data-particle-mobile-disabled=\"false\" class=\"elementor-element elementor-element-192d97b e-con-full e-flex e-con e-child\" data-id=\"192d97b\" data-element_type=\"container\" data-e-type=\"container\">\n\t\t\t\t<div class=\"elementor-element elementor-element-ed1bb96 elementor-widget-laptop__width-initial elementor-widget elementor-widget-ipricingtable\" data-id=\"ed1bb96\" data-element_type=\"widget\" data-e-type=\"widget\" data-widget_type=\"ipricingtable.default\">\n\t\t\t\t<div class=\"elementor-widget-container\">\n\t\t\t\t\t\r\n\t\t<div class=\"ot-pricing-table bg-shape s1\">\r\n\t\t\t<span class=\"title-table\">1 M\u00caS<\/span>\r\n\t\t\t<div class=\"inner-table\">\r\n\t\t\t\t<img decoding=\"async\" src=\"https:\/\/flix-iptv.tv\/wp-content\/uploads\/2023\/02\/stand-pack.png\" alt=\"1 M\u00caS\">\r\n\t\t\t\t<h2><span style=\"color: #b0b0b0;\"><sup>\u20ac<\/sup> 15<\/span>\n<p>\u20ac20<\/p>\n<\/h2>\r\n\t\t\t\t<p>1 m\u00eas<\/p>\r\n\t\t\t\t<div class=\"details\"><ul style=\"list-style: none; padding-left: 0; margin:-11; font-size: 1em;\">\n  <li style=\"display: flex; align-items: center; margin-bottom: 6px; white-space: nowrap;\">\n   <b>+20 000 Channels<\/b>\n  <\/li>\n  <li style=\"display: flex; align-items: center; margin-bottom: 2px; white-space: nowrap;\">\n    <b>+50 000 VOD & SERIES<\/b>\n  <\/li>\n  <li style=\"display: flex; align-items: center; margin-bottom: 6px; white-space: nowrap;\">\n    <b>TV ao vivo 24h<\/b>\n  <\/li>\n  <li style=\"display: flex; align-items: center; margin-bottom: 6px; white-space: nowrap;\">\n    <b>Qualidade HD-FHD-UHD<\/b>\n  <\/li>\n  <li style=\"display: flex; align-items: center; margin-bottom: 6px; white-space: nowrap;\">\n    <b>Canais de PPV<\/b>\n  <\/li>\n  <li style=\"display: flex; align-items: center; margin-bottom: 6px; white-space: nowrap;\">\n    <b>Estabilidade do servidor 99%<\/b>\n  <\/li>\n  <li style=\"display: flex; align-items: center; margin-bottom: 6px; white-space: nowrap;\">\n    <b>Ativa\u00e7\u00e3o instant\u00e2nea!<\/b>\n  <\/li>\n  <li style=\"display: flex; align-items: center; margin-bottom: 6px; white-space: nowrap;\">\n    <b>Anti-Freeze<\/b>\n  <\/li>\n  <li style=\"display: flex; align-items: center; margin-bottom: 6px; white-space: nowrap;\">\n    <b>Todos os dispositivos<\/b>\n  <\/li>\n  <li style=\"display: flex; align-items: center; margin-bottom: px; white-space: nowrap;\">\n    <b>EPG<\/b>\n  <\/li>\n<\/ul><\/div>\r\n\t\t\t<\/div>\r\n\t\t\t<div class=\"ot-pricing-btn\">\r\n\t\t\t\t<a href=\"https:\/\/flix-iptv.tv\/pt\/step\/standard\/\" class=\"octf-btn octf-btn-icon octf-btn-secondary\">Selecionar plano <i class=\"flaticon-right-arrow-1\"><\/i><\/a>\r\n\t\t\t<\/div>\r\n\t\t<\/div>\r\n\r\n\t    \t\t\t\t<\/div>\n\t\t\t\t<\/div>\n\t\t\t\t<\/div>\n\t\t\t\t<\/div>\n\t\t\t\t\t<\/div>\n\t\t<\/div>\n\t\t\t\t\t<\/div>\n\t\t<\/section>\n\t\t\t\t<\/div>","protected":false},"excerpt":{"rendered":"<p>2 YEARS \u20ac 110 \u20ac240 Ultimate Value +20 000 Channels +50 000 VOD &#038; SERIES Watch Live TV 24\/7 HD-FHD-UHD Quality PPV Channels Server Stability 99% Instant Activation! Anti-Freeze All devices supported EPG Choose Plan 1 year \u20ac 68 \u20ac120 Best Value +20 000 Channels +50 000 VOD &#038; SERIES Watch Live TV 24\/7 HD-FHD-UHD [&hellip;]<\/p>","protected":false},"author":1,"featured_media":0,"parent":0,"menu_order":0,"comment_status":"closed","ping_status":"closed","template":"","meta":{"_joinchat":[],"footnotes":""},"class_list":["post-5996","page","type-page","status-publish","hentry"],"_links":{"self":[{"href":"https:\/\/flix-iptv.tv\/pt\/wp-json\/wp\/v2\/pages\/5996","targetHints":{"allow":["GET"]}}],"collection":[{"href":"https:\/\/flix-iptv.tv\/pt\/wp-json\/wp\/v2\/pages"}],"about":[{"href":"https:\/\/flix-iptv.tv\/pt\/wp-json\/wp\/v2\/types\/page"}],"author":[{"embeddable":true,"href":"https:\/\/flix-iptv.tv\/pt\/wp-json\/wp\/v2\/users\/1"}],"replies":[{"embeddable":true,"href":"https:\/\/flix-iptv.tv\/pt\/wp-json\/wp\/v2\/comments?post=5996"}],"version-history":[{"count":44,"href":"https:\/\/flix-iptv.tv\/pt\/wp-json\/wp\/v2\/pages\/5996\/revisions"}],"predecessor-version":[{"id":8128,"href":"https:\/\/flix-iptv.tv\/pt\/wp-json\/wp\/v2\/pages\/5996\/revisions\/8128"}],"wp:attachment":[{"href":"https:\/\/flix-iptv.tv\/pt\/wp-json\/wp\/v2\/media?parent=5996"}],"curies":[{"name":"wp","href":"https:\/\/api.w.org\/{rel}","templated":true}]}}