{"id":6768,"date":"2025-05-06T05:26:53","date_gmt":"2025-05-06T05:26:53","guid":{"rendered":"https:\/\/flix-iptv.tv\/?page_id=6768"},"modified":"2025-05-30T11:11:39","modified_gmt":"2025-05-30T11:11:39","slug":"terms-of-service","status":"publish","type":"page","link":"https:\/\/flix-iptv.tv\/pt\/terms-of-service\/","title":{"rendered":"Termos de servi\u00e7o"},"content":{"rendered":"<div data-elementor-type=\"wp-page\" data-elementor-id=\"6768\" class=\"elementor elementor-6768\" data-elementor-post-type=\"page\">\n\t\t\t\t\t\t<section data-particle_enable=\"false\" data-particle-mobile-disabled=\"false\" data-color=\"#ffffff, #00c3ff, #fe4c1c\" class=\"elementor-section elementor-top-section elementor-element elementor-element-69000cf7 elementor-section-height-min-height particles-js elementor-section-items-top elementor-section-boxed elementor-section-height-default\" data-id=\"69000cf7\" data-element_type=\"section\" data-e-type=\"section\" data-settings=\"{&quot;background_background&quot;:&quot;gradient&quot;,&quot;shape_divider_bottom&quot;:&quot;curve&quot;,&quot;shape_divider_bottom_negative&quot;:&quot;yes&quot;}\">\n\t\t\t\t\t\t\t<div class=\"elementor-background-overlay\"><\/div>\n\t\t\t\t\t\t<div class=\"elementor-shape elementor-shape-bottom\" aria-hidden=\"true\" data-negative=\"true\">\n\t\t\t<svg xmlns=\"http:\/\/www.w3.org\/2000\/svg\" viewbox=\"0 0 1000 100\" preserveaspectratio=\"none\">\n\t<path class=\"elementor-shape-fill\" d=\"M500,97C126.7,96.3,0.8,19.8,0,0v100l1000,0V1C1000,19.4,873.3,97.8,500,97z\"\/>\n<\/svg>\t\t<\/div>\n\t\t\t\t\t<div class=\"elementor-container elementor-column-gap-default\">\n\t\t\t\t\t<div class=\"elementor-column elementor-col-100 elementor-top-column elementor-element elementor-element-750d2e7d ot-flex-column-vertical\" data-id=\"750d2e7d\" data-element_type=\"column\" data-e-type=\"column\">\n\t\t\t<div class=\"elementor-widget-wrap elementor-element-populated\">\n\t\t\t\t\t\t\t<\/div>\n\t\t<\/div>\n\t\t\t\t\t<\/div>\n\t\t<\/section>\n\t\t\t\t<section data-particle_enable=\"false\" data-particle-mobile-disabled=\"false\" class=\"elementor-section elementor-top-section elementor-element elementor-element-7b52f8bb elementor-section-boxed elementor-section-height-default elementor-section-height-default\" data-id=\"7b52f8bb\" data-element_type=\"section\" data-e-type=\"section\" data-settings=\"{&quot;background_background&quot;:&quot;classic&quot;}\">\n\t\t\t\t\t\t<div class=\"elementor-container elementor-column-gap-default\">\n\t\t\t\t\t<div class=\"elementor-column elementor-col-100 elementor-top-column elementor-element elementor-element-7140f9cf ot-flex-column-vertical\" data-id=\"7140f9cf\" data-element_type=\"column\" data-e-type=\"column\">\n\t\t\t<div class=\"elementor-widget-wrap elementor-element-populated\">\n\t\t\t\t<div data-particle_enable=\"false\" data-particle-mobile-disabled=\"false\" class=\"elementor-element elementor-element-01d70e6 e-con-full e-flex e-con e-parent\" data-id=\"01d70e6\" data-element_type=\"container\" data-e-type=\"container\" data-settings=\"{&quot;background_background&quot;:&quot;classic&quot;}\">\n\t\t\t\t<div class=\"elementor-element elementor-element-16fecec elementor-widget elementor-widget-text-editor\" data-id=\"16fecec\" data-element_type=\"widget\" data-e-type=\"widget\" data-widget_type=\"text-editor.default\">\n\t\t\t\t\t\t\t\t\t<p>Loja FLIX IPTV <strong>Tem <\/strong>Oferecemos reembolsos de produtos\/servi\u00e7os digitais sob certas condi\u00e7\u00f5es. No entanto, \u00e9 altamente recomend\u00e1vel que voc\u00ea fa\u00e7a uma avalia\u00e7\u00e3o antes de efetuar a compra.<\/p><p>A FLIX IPTV Store oferece reembolsos <b>SOMENTE <\/b>sob essas condi\u00e7\u00f5es:<\/p><p><strong>Condi\u00e7\u00f5es :<\/strong><\/p><ul><li>We will refund completely only purchase which has been done in less than 24 hours. After 24 hours no complete refund can be processed.<\/li><li>Todas as outras solicita\u00e7\u00f5es de reembolso ser\u00e3o devolvidas parcialmente de acordo com o per\u00edodo usado da assinatura, caso haja um problema de nossa parte que n\u00e3o possa ser resolvido em 72 horas. A equipe de suporte da FLIX IPTV entrar\u00e1 em contato com os usu\u00e1rios em todos os casos de reembolso.<\/li><\/ul><div><p>N\u00e3o enviaremos reembolsos nem faremos reembolsos parciais se:<\/p><ul><li>O cliente n\u00e3o gostou do alinhamento de canais.<\/li><li>O cliente encontrou outro servi\u00e7o.<\/li><li>O cliente se recusa a aplicar as solu\u00e7\u00f5es que fornecemos se tiver algum problema.<\/li><\/ul><p><b>Quanto tempo leva para receber o reembolso?<\/b><b><br \/><\/b><\/p><\/div><ul><li>Se voc\u00ea pagou usando cart\u00f5es de cr\u00e9dito, os reembolsos geralmente s\u00e3o processados e os fundos s\u00e3o devolvidos ao cart\u00e3o de d\u00e9bito na conta banc\u00e1ria do cliente dentro de 20 a 31 dias \u00fateis.<\/li><li>Entretanto, h\u00e1 casos em que o reembolso leva mais tempo para ser processado, podendo chegar a 90 dias. N\u00e3o nos responsabilizamos por esses prazos e atrasos. N\u00e3o somos o provedor de pagamento, somos apenas o provedor de servi\u00e7os de IPTV.<\/li><li>Todo reembolso geralmente leva de 20 a 90 dias \u00fateis para ser efetuado e n\u00e3o est\u00e1 em nossas m\u00e3os reduzir esse per\u00edodo. Nossos processadores de pagamento cuidar\u00e3o das solicita\u00e7\u00f5es de reembolso. Faremos o poss\u00edvel para reembolsar qualquer usu\u00e1rio imediatamente ap\u00f3s ver a solicita\u00e7\u00e3o e verificar as informa\u00e7\u00f5es do usu\u00e1rio.<\/li><\/ul><p><strong>Se alguns canais estiverem congelando, armazenando em buffer ou n\u00e3o funcionando \u00e0s vezes:<\/strong><\/p><p>Embora quase todos os nossos servidores sejam est\u00e1veis, \u00e0s vezes alguns canais congelam ou n\u00e3o funcionam por v\u00e1rios motivos, mas isso n\u00e3o \u00e9 permanente. Nossos engenheiros especializados est\u00e3o sempre trabalhando para corrigi-los.<\/p><p><strong>Na maioria das vezes, esses problemas s\u00e3o tempor\u00e1rios e causados por raz\u00f5es abaixo:<\/strong><\/p><ul><li>Flutua\u00e7\u00f5es na internet do cliente.<\/li><li>Problema com a caixa\/aplicativos\/configura\u00e7\u00e3o do cliente em geral.<\/li><li>Seu ISP tem um problema.<\/li><li>O canal est\u00e1 inativo na extremidade do servidor.<\/li><li>O cliente mudou de ideia e quis se retirar\/trocar de servidor.<\/li><li>Atualiza\u00e7\u00e3o\/reinicializa\u00e7\u00e3o do servidor de nossa parte (desempenho semanal necess\u00e1rio).<\/li><\/ul><p>Caso o usu\u00e1rio\/cliente n\u00e3o possa assistir ao seu plano de assinatura de IPTV por mais de 72 horas devido a um problema no servidor ou a qualquer outro problema causado por n\u00f3s ou por nossa parte, reembolsaremos completamente o pre\u00e7o do pacote ou adicionaremos todo o tempo perdido \u00e0 sua assinatura gratuitamente + algum b\u00f4nus extra que possamos negociar juntos.<\/p><p data-start=\"127\" data-end=\"144\"><strong data-start=\"127\" data-end=\"144\">Legal Notice:<\/strong><\/p><p data-start=\"127\" data-end=\"144\">We do not host or stream any videos on this website. All IPTV content, channels, and streams provided are publicly available online and are gathered from third-party sources.<\/p><p data-start=\"334\" data-end=\"512\">We are not responsible for the content, accuracy, or legality of external sources. The user assumes all responsibility for the use of any content accessed through this service.<\/p><p data-start=\"519\" data-end=\"640\">It is your responsibility to ensure that you comply with your local laws regarding IPTV services and content streaming.<\/p><p data-start=\"647\" data-end=\"763\">If you are a content owner and wish to have your content removed, please contact us and we will respond accordingly.<\/p><p><br \/><strong>Entre em contato conosco:<\/strong>\u00a0Se tiver alguma d\u00favida sobre nossa Pol\u00edtica de Devolu\u00e7\u00f5es e Reembolsos, favor\u00a0<a href=\"https:\/\/flix-iptv.tv\/pt\/entre-em-contato-conosco\/\">Entre em contato conosco<\/a><\/p>\t\t\t\t\t\t\t\t<\/div>\n\t\t\t\t<\/div>\n\t\t\t\t\t<\/div>\n\t\t<\/div>\n\t\t\t\t\t<\/div>\n\t\t<\/section>\n\t\t\t\t<\/div>","protected":false},"excerpt":{"rendered":"<p>FLIX IPTV Store Does offer refunds on Digital Products\/Services under certain conditions. However, we highly recommend that you get a trial\u00a0 before you make a purchase. FLIX IPTV Store offer Refunds ONLY under these condtions : Conditions : We will refund completely only purchase which has been done in less than 24 hours. After 24 [&hellip;]<\/p>","protected":false},"author":1,"featured_media":0,"parent":0,"menu_order":0,"comment_status":"closed","ping_status":"closed","template":"","meta":{"_joinchat":[],"footnotes":""},"class_list":["post-6768","page","type-page","status-publish","hentry"],"_links":{"self":[{"href":"https:\/\/flix-iptv.tv\/pt\/wp-json\/wp\/v2\/pages\/6768","targetHints":{"allow":["GET"]}}],"collection":[{"href":"https:\/\/flix-iptv.tv\/pt\/wp-json\/wp\/v2\/pages"}],"about":[{"href":"https:\/\/flix-iptv.tv\/pt\/wp-json\/wp\/v2\/types\/page"}],"author":[{"embeddable":true,"href":"https:\/\/flix-iptv.tv\/pt\/wp-json\/wp\/v2\/users\/1"}],"replies":[{"embeddable":true,"href":"https:\/\/flix-iptv.tv\/pt\/wp-json\/wp\/v2\/comments?post=6768"}],"version-history":[{"count":10,"href":"https:\/\/flix-iptv.tv\/pt\/wp-json\/wp\/v2\/pages\/6768\/revisions"}],"predecessor-version":[{"id":7356,"href":"https:\/\/flix-iptv.tv\/pt\/wp-json\/wp\/v2\/pages\/6768\/revisions\/7356"}],"wp:attachment":[{"href":"https:\/\/flix-iptv.tv\/pt\/wp-json\/wp\/v2\/media?parent=6768"}],"curies":[{"name":"wp","href":"https:\/\/api.w.org\/{rel}","templated":true}]}}