{"id":6777,"date":"2025-05-06T05:37:14","date_gmt":"2025-05-06T05:37:14","guid":{"rendered":"https:\/\/flix-iptv.tv\/?page_id=6777"},"modified":"2025-08-14T09:49:01","modified_gmt":"2025-08-14T09:49:01","slug":"privacy-policy","status":"publish","type":"page","link":"https:\/\/flix-iptv.tv\/pt\/privacy-policy\/","title":{"rendered":"Pol\u00edtica de privacidade"},"content":{"rendered":"<div data-elementor-type=\"wp-page\" data-elementor-id=\"6777\" class=\"elementor elementor-6777\" data-elementor-post-type=\"page\">\n\t\t\t\t\t\t<section data-particle_enable=\"false\" data-particle-mobile-disabled=\"false\" data-color=\"#ffffff, #00c3ff, #fe4c1c\" class=\"elementor-section elementor-top-section elementor-element elementor-element-69000cf7 elementor-section-height-min-height particles-js elementor-section-items-top elementor-section-boxed elementor-section-height-default\" data-id=\"69000cf7\" data-element_type=\"section\" data-e-type=\"section\" data-settings=\"{&quot;background_background&quot;:&quot;gradient&quot;,&quot;shape_divider_bottom&quot;:&quot;curve&quot;,&quot;shape_divider_bottom_negative&quot;:&quot;yes&quot;}\">\n\t\t\t\t\t\t\t<div class=\"elementor-background-overlay\"><\/div>\n\t\t\t\t\t\t<div class=\"elementor-shape elementor-shape-bottom\" aria-hidden=\"true\" data-negative=\"true\">\n\t\t\t<svg xmlns=\"http:\/\/www.w3.org\/2000\/svg\" viewbox=\"0 0 1000 100\" preserveaspectratio=\"none\">\n\t<path class=\"elementor-shape-fill\" d=\"M500,97C126.7,96.3,0.8,19.8,0,0v100l1000,0V1C1000,19.4,873.3,97.8,500,97z\"\/>\n<\/svg>\t\t<\/div>\n\t\t\t\t\t<div class=\"elementor-container elementor-column-gap-default\">\n\t\t\t\t\t<div class=\"elementor-column elementor-col-100 elementor-top-column elementor-element elementor-element-750d2e7d ot-flex-column-vertical\" data-id=\"750d2e7d\" data-element_type=\"column\" data-e-type=\"column\">\n\t\t\t<div class=\"elementor-widget-wrap elementor-element-populated\">\n\t\t\t\t\t\t\t<\/div>\n\t\t<\/div>\n\t\t\t\t\t<\/div>\n\t\t<\/section>\n\t\t\t\t<section data-particle_enable=\"false\" data-particle-mobile-disabled=\"false\" class=\"elementor-section elementor-top-section elementor-element elementor-element-7b52f8bb elementor-section-boxed elementor-section-height-default elementor-section-height-default\" data-id=\"7b52f8bb\" data-element_type=\"section\" data-e-type=\"section\" data-settings=\"{&quot;background_background&quot;:&quot;classic&quot;}\">\n\t\t\t\t\t\t<div class=\"elementor-container elementor-column-gap-default\">\n\t\t\t\t\t<div class=\"elementor-column elementor-col-100 elementor-top-column elementor-element elementor-element-7140f9cf ot-flex-column-vertical\" data-id=\"7140f9cf\" data-element_type=\"column\" data-e-type=\"column\">\n\t\t\t<div class=\"elementor-widget-wrap elementor-element-populated\">\n\t\t\t\t<div data-particle_enable=\"false\" data-particle-mobile-disabled=\"false\" class=\"elementor-element elementor-element-01d70e6 e-con-full e-flex e-con e-parent\" data-id=\"01d70e6\" data-element_type=\"container\" data-e-type=\"container\" data-settings=\"{&quot;background_background&quot;:&quot;classic&quot;}\">\n\t\t\t\t<div class=\"elementor-element elementor-element-16fecec elementor-widget elementor-widget-text-editor\" data-id=\"16fecec\" data-element_type=\"widget\" data-e-type=\"widget\" data-widget_type=\"text-editor.default\">\n\t\t\t\t\t\t\t\t\t<p class=\"\" data-start=\"267\" data-end=\"505\">Bem-vindo ao <strong>Flix IPTV<\/strong> N\u00f3s valorizamos sua privacidade e temos o compromisso de proteger suas informa\u00e7\u00f5es pessoais. Esta Pol\u00edtica de Privacidade explica como coletamos, usamos e protegemos seus dados quando voc\u00ea visita nosso site e usa nossos servi\u00e7os.<\/p><hr class=\"\" data-start=\"507\" data-end=\"510\" \/><h3 class=\"\" data-start=\"512\" data-end=\"545\"><strong data-start=\"516\" data-end=\"545\">1. Informa\u00e7\u00f5es que coletamos<\/strong><\/h3><p class=\"\" data-start=\"547\" data-end=\"588\">Podemos coletar as seguintes informa\u00e7\u00f5es:<\/p><ul data-start=\"590\" data-end=\"842\"><li class=\"\" data-start=\"590\" data-end=\"691\"><p class=\"\" data-start=\"592\" data-end=\"691\"><strong data-start=\"592\" data-end=\"616\">Informa\u00e7\u00f5es pessoais<\/strong>: Nome, endere\u00e7o de e-mail, detalhes de pagamento (por meio de processadores terceirizados seguros).<\/p><\/li><li class=\"\" data-start=\"692\" data-end=\"759\"><p class=\"\" data-start=\"694\" data-end=\"759\"><strong data-start=\"694\" data-end=\"712\">Dados t\u00e9cnicos<\/strong>: IP address<\/p><\/li><li class=\"\" data-start=\"760\" data-end=\"842\"><p class=\"\" data-start=\"762\" data-end=\"842\"><strong data-start=\"762\" data-end=\"776\">Dados de uso<\/strong>: P\u00e1ginas visitadas, tempo gasto, cliques e intera\u00e7\u00f5es em nosso site.<\/p><\/li><\/ul><hr class=\"\" data-start=\"844\" data-end=\"847\" \/><h3 class=\"\" data-start=\"849\" data-end=\"887\"><strong data-start=\"853\" data-end=\"887\">2. Como usamos suas informa\u00e7\u00f5es<\/strong><\/h3><p class=\"\" data-start=\"889\" data-end=\"909\">Usamos seus dados para:<\/p><ul data-start=\"911\" data-end=\"1109\"><li class=\"\" data-start=\"911\" data-end=\"951\"><p class=\"\" data-start=\"913\" data-end=\"951\">Fornecer e gerenciar assinaturas.<\/p><\/li><li class=\"\" data-start=\"952\" data-end=\"1020\"><p class=\"\" data-start=\"954\" data-end=\"1020\">Enviar e-mails relacionados \u00e0 conta (por exemplo, informa\u00e7\u00f5es de login, faturas, suporte).<\/p><\/li><li class=\"\" data-start=\"1021\" data-end=\"1064\"><p class=\"\" data-start=\"1023\" data-end=\"1064\">Melhorar nossos servi\u00e7os e a experi\u00eancia no site.<\/p><\/li><li class=\"\" data-start=\"1065\" data-end=\"1109\"><p class=\"\" data-start=\"1067\" data-end=\"1109\">Responder a consultas e solicita\u00e7\u00f5es de suporte.<\/p><\/li><\/ul><p class=\"\" data-start=\"1111\" data-end=\"1207\">N\u00f3s <strong data-start=\"1114\" data-end=\"1129\">n\u00e3o vender<\/strong> ou compartilhar suas informa\u00e7\u00f5es pessoais com terceiros para fins de marketing.<\/p><hr class=\"\" data-start=\"1209\" data-end=\"1212\" \/><h3 class=\"\" data-start=\"1214\" data-end=\"1243\"><strong data-start=\"1218\" data-end=\"1243\">3. Processamento de pagamentos<\/strong><\/h3><p class=\"\" data-start=\"1245\" data-end=\"1420\">Todos os pagamentos s\u00e3o processados de forma segura por meio de provedores terceirizados confi\u00e1veis (por exemplo, PayPal, Stripe, servi\u00e7os de criptografia). N\u00f3s fazemos <strong data-start=\"1362\" data-end=\"1404\">n\u00e3o armazenar nenhuma informa\u00e7\u00e3o de cart\u00e3o de pagamento<\/strong> em nossos servidores.<\/p><hr class=\"\" data-start=\"1422\" data-end=\"1425\" \/><h3 class=\"\" data-start=\"1427\" data-end=\"1471\"><strong data-start=\"1431\" data-end=\"1471\">4. Cookies e tecnologias de rastreamento<\/strong><\/h3><p class=\"\" data-start=\"1473\" data-end=\"1491\">Usamos cookies para:<\/p><ul data-start=\"1493\" data-end=\"1585\"><li class=\"\" data-start=\"1493\" data-end=\"1524\"><p class=\"\" data-start=\"1495\" data-end=\"1524\">Habilitar a funcionalidade do site.<\/p><\/li><li class=\"\" data-start=\"1525\" data-end=\"1553\"><p class=\"\" data-start=\"1527\" data-end=\"1553\">Lembre-se de suas prefer\u00eancias.<\/p><\/li><li class=\"\" data-start=\"1554\" data-end=\"1585\"><p class=\"\" data-start=\"1556\" data-end=\"1585\">Rastrear e analisar o uso do site.<\/p><\/li><\/ul><p class=\"\" data-start=\"1587\" data-end=\"1664\">Voc\u00ea pode controlar ou desativar os cookies por meio das configura\u00e7\u00f5es do seu navegador a qualquer momento.<\/p><hr class=\"\" data-start=\"1666\" data-end=\"1669\" \/><h3 class=\"\" data-start=\"1671\" data-end=\"1696\"><strong data-start=\"1675\" data-end=\"1696\">5. Reten\u00e7\u00e3o de dados<\/strong><\/h3><p class=\"\" data-start=\"1698\" data-end=\"1799\">N\u00f3s retemos seus dados pessoais apenas pelo tempo necess\u00e1rio para fins legais, comerciais e operacionais.<\/p><hr class=\"\" data-start=\"1801\" data-end=\"1804\" \/><h3 class=\"\" data-start=\"1806\" data-end=\"1828\"><strong data-start=\"1810\" data-end=\"1828\">6. Seus direitos<\/strong><\/h3><p class=\"\" data-start=\"1830\" data-end=\"1884\">Dependendo de sua localiza\u00e7\u00e3o, voc\u00ea pode ter o direito de:<\/p><ul data-start=\"1886\" data-end=\"2008\"><li class=\"\" data-start=\"1886\" data-end=\"1922\"><p class=\"\" data-start=\"1888\" data-end=\"1922\">Acessar os dados que mantemos sobre voc\u00ea.<\/p><\/li><li class=\"\" data-start=\"1923\" data-end=\"1956\"><p class=\"\" data-start=\"1925\" data-end=\"1956\">Solicitar corre\u00e7\u00e3o ou exclus\u00e3o.<\/p><\/li><li class=\"\" data-start=\"1957\" data-end=\"2008\"><p class=\"\" data-start=\"1959\" data-end=\"2008\">Retirar o consentimento para o uso dos dados (quando aplic\u00e1vel).<\/p><\/li><\/ul><p class=\"\" data-start=\"2010\" data-end=\"2076\">Para fazer essa solicita\u00e7\u00e3o, entre em contato conosco em [seu e-mail de suporte].<\/p><hr class=\"\" data-start=\"2078\" data-end=\"2081\" \/><h3 class=\"\" data-start=\"2083\" data-end=\"2111\"><strong data-start=\"2087\" data-end=\"2111\">7. Links de terceiros<\/strong><\/h3><p class=\"\" data-start=\"2113\" data-end=\"2256\">Nosso site pode conter links para sites ou aplicativos de terceiros. N\u00e3o somos respons\u00e1veis pelo conte\u00fado ou pelas pr\u00e1ticas de privacidade desses sites.<\/p><hr class=\"\" data-start=\"2258\" data-end=\"2261\" \/><h3 class=\"\" data-start=\"2263\" data-end=\"2292\"><strong data-start=\"2267\" data-end=\"2292\">8. Privacidade das crian\u00e7as<\/strong><\/h3><p class=\"\" data-start=\"2294\" data-end=\"2415\">Nossos servi\u00e7os s\u00e3o <strong data-start=\"2311\" data-end=\"2357\">n\u00e3o se destina a usu\u00e1rios com menos de 18 anos de idade<\/strong>. N\u00e3o coletamos intencionalmente dados pessoais de crian\u00e7as.<\/p><hr class=\"\" data-start=\"2417\" data-end=\"2420\" \/><h3 class=\"\" data-start=\"2422\" data-end=\"2455\"><strong data-start=\"2426\" data-end=\"2455\">9. Altera\u00e7\u00f5es a esta pol\u00edtica<\/strong><\/h3><p class=\"\" data-start=\"2457\" data-end=\"2580\">Podemos atualizar esta Pol\u00edtica de Privacidade a qualquer momento. Todas as altera\u00e7\u00f5es ser\u00e3o publicadas nesta p\u00e1gina com a data da \"\u00daltima atualiza\u00e7\u00e3o\".<\/p><hr class=\"\" data-start=\"2582\" data-end=\"2585\" \/><h3 class=\"\" data-start=\"2587\" data-end=\"2609\"><strong data-start=\"2591\" data-end=\"2609\">10. Entre em contato conosco<\/strong><\/h3><p class=\"\" data-start=\"2611\" data-end=\"2696\">Se tiver d\u00favidas ou preocupa\u00e7\u00f5es sobre esta Pol\u00edtica de Privacidade, sinta-se \u00e0 vontade para entrar em contato conosco:<\/p><p class=\"\" data-start=\"2698\" data-end=\"2756\">\ud83d\udce7 <strong data-start=\"2701\" data-end=\"2711\">E-mail:<\/strong> [support@flix-iptv.tv]<br data-start=\"2724\" data-end=\"2727\" \/>\ud83c\udf10 <strong data-start=\"2730\" data-end=\"2742\">Site:<\/strong> flix-iptv.tv<\/p>\t\t\t\t\t\t\t\t<\/div>\n\t\t\t\t<\/div>\n\t\t\t\t\t<\/div>\n\t\t<\/div>\n\t\t\t\t\t<\/div>\n\t\t<\/section>\n\t\t\t\t<\/div>","protected":false},"excerpt":{"rendered":"<p>Welcome to Flix IPTV , We value your privacy and are committed to protecting your personal information. This Privacy Policy explains how we collect, use, and protect your data when you visit our website and use our services. 1. Information We Collect We may collect the following information: Personal Information: Name, email address, payment details [&hellip;]<\/p>","protected":false},"author":1,"featured_media":0,"parent":0,"menu_order":0,"comment_status":"closed","ping_status":"closed","template":"","meta":{"_joinchat":[],"footnotes":""},"class_list":["post-6777","page","type-page","status-publish","hentry"],"_links":{"self":[{"href":"https:\/\/flix-iptv.tv\/pt\/wp-json\/wp\/v2\/pages\/6777","targetHints":{"allow":["GET"]}}],"collection":[{"href":"https:\/\/flix-iptv.tv\/pt\/wp-json\/wp\/v2\/pages"}],"about":[{"href":"https:\/\/flix-iptv.tv\/pt\/wp-json\/wp\/v2\/types\/page"}],"author":[{"embeddable":true,"href":"https:\/\/flix-iptv.tv\/pt\/wp-json\/wp\/v2\/users\/1"}],"replies":[{"embeddable":true,"href":"https:\/\/flix-iptv.tv\/pt\/wp-json\/wp\/v2\/comments?post=6777"}],"version-history":[{"count":16,"href":"https:\/\/flix-iptv.tv\/pt\/wp-json\/wp\/v2\/pages\/6777\/revisions"}],"predecessor-version":[{"id":7857,"href":"https:\/\/flix-iptv.tv\/pt\/wp-json\/wp\/v2\/pages\/6777\/revisions\/7857"}],"wp:attachment":[{"href":"https:\/\/flix-iptv.tv\/pt\/wp-json\/wp\/v2\/media?parent=6777"}],"curies":[{"name":"wp","href":"https:\/\/api.w.org\/{rel}","templated":true}]}}